{"id":552,"date":"2010-05-28T15:04:36","date_gmt":"2010-05-28T18:04:36","guid":{"rendered":"http:\/\/praiadoforteapart.com.br\/?page_id=3"},"modified":"2010-05-28T15:04:36","modified_gmt":"2010-05-28T18:04:36","slug":"servicos","status":"publish","type":"page","link":"https:\/\/praiadoforteapart.com\/index.php\/servicos\/","title":{"rendered":"Servi\u00e7os"},"content":{"rendered":"<p>[et_pb_section inner_shadow=&#8221;on&#8221; fullwidth=&#8221;on&#8221; background_image=&#8221;http:\/\/www.casaverdeapart.com\/wp-content\/uploads\/2010\/05\/backHeaders2-Recovered.jpg&#8221; parallax=&#8221;on&#8221; transparent_background=&#8221;off&#8221; background_color=&#8221;#ffffff&#8221; parallax_method=&#8221;on&#8221;][et_pb_fullwidth_header admin_label=&#8221;Fullwidth Header&#8221; title=&#8221;Casa Verde Apart&#8221; subhead=&#8221;O Casa Verde Apart conta com 6 amplos e confort\u00e1veis apartamentos decorados com sobriedade e oferecendo aos ocupantes todas as condi\u00e7\u00f5es para uma prazeirosa estadia. Os h\u00f3spedes podem preparar suas pr\u00f3prias refei\u00e7\u00f5es e os apartamentos se transformam em uma extens\u00e3o de suas pr\u00f3prias casas. Crian\u00e7as e animais de pequeno porte s\u00e3o aceitos.&#8221; background_layout=&#8221;dark&#8221; text_orientation=&#8221;right&#8221; \/][\/et_pb_section][et_pb_section background_image=&#8221;http:\/\/www.casaverdeapart.com\/wp-content\/uploads\/2014\/04\/232.jpg&#8221; transparent_background=&#8221;off&#8221; background_color=&#8221;#ffffff&#8221; inner_shadow=&#8221;off&#8221; parallax=&#8221;off&#8221; parallax_method=&#8221;off&#8221;][et_pb_row][et_pb_column type=&#8221;3_4&#8243;][et_pb_image admin_label=&#8221;Image&#8221; src=&#8221;http:\/\/www.casaverdeapart.com\/wp-content\/uploads\/2014\/04\/logo2.png&#8221; show_in_lightbox=&#8221;off&#8221; url_new_window=&#8221;off&#8221; animation=&#8221;left&#8221; sticky=&#8221;off&#8221; \/][et_pb_text admin_label=&#8221;Text&#8221; background_layout=&#8221;light&#8221; text_orientation=&#8221;left&#8221;]<\/p>\n<h1><span lang=\"pt-br\">Servi\u00e7os<\/span><\/h1>\n<p><span lang=\"pt-br\"><strong>Servi\u00e7os inclusos na tarifa:<\/strong> <\/span><\/p>\n<ul>\n<li><span lang=\"pt-br\">Internet wireless<\/span><\/li>\n<li><span lang=\"pt-br\">Limpeza di\u00e1ria<\/span><\/li>\n<li><span lang=\"pt-br\">\u00c1gua filtrada<\/span><\/li>\n<\/ul>\n<p><strong><span lang=\"pt-br\">Servi\u00e7os extras:<\/span><\/strong><\/p>\n<ul>\n<li><span lang=\"pt-br\">Transfers e tours<\/span><\/li>\n<li><span lang=\"pt-br\">Massagem com reintegra\u00e7\u00e3o postural.<\/span><\/li>\n<\/ul>\n<p><span lang=\"pt-br\">Caso necessite de algum servi\u00e7o especial entre em contato para avaliarmos a possibilidade de lhe atender.<\/span><\/p>\n<p>[\/et_pb_text][\/et_pb_column][et_pb_column type=&#8221;1_4&#8243;][et_pb_sidebar admin_label=&#8221;Sidebar&#8221; orientation=&#8221;right&#8221; area=&#8221;et_pb_widget_area_4&#8243; background_layout=&#8221;light&#8221; \/][et_pb_sidebar admin_label=&#8221;Sidebar&#8221; area=&#8221;sidebar-1&#8243; orientation=&#8221;right&#8221; background_layout=&#8221;light&#8221; \/][\/et_pb_column][\/et_pb_row][\/et_pb_section]<\/p>\n","protected":false},"excerpt":{"rendered":"<p>[et_pb_section inner_shadow=&#8221;on&#8221; fullwidth=&#8221;on&#8221; background_image=&#8221;http:\/\/www.casaverdeapart.com\/wp-content\/uploads\/2010\/05\/backHeaders2-Recovered.jpg&#8221; parallax=&#8221;on&#8221; transparent_background=&#8221;off&#8221; background_color=&#8221;#ffffff&#8221; parallax_method=&#8221;on&#8221;][et_pb_fullwidth_header admin_label=&#8221;Fullwidth Header&#8221; title=&#8221;Casa Verde Apart&#8221; subhead=&#8221;O Casa Verde Apart conta com 6 amplos e confort\u00e1veis apartamentos decorados com sobriedade e oferecendo aos ocupantes todas as condi\u00e7\u00f5es para uma prazeirosa estadia. Os h\u00f3spedes podem preparar suas pr\u00f3prias refei\u00e7\u00f5es e os apartamentos se transformam em uma extens\u00e3o de suas [&hellip;]<\/p>\n","protected":false},"author":2,"featured_media":0,"parent":0,"menu_order":2,"comment_status":"closed","ping_status":"closed","template":"","meta":{"footnotes":""},"class_list":["post-552","page","type-page","status-publish","hentry"],"_links":{"self":[{"href":"https:\/\/praiadoforteapart.com\/index.php\/wp-json\/wp\/v2\/pages\/552","targetHints":{"allow":["GET"]}}],"collection":[{"href":"https:\/\/praiadoforteapart.com\/index.php\/wp-json\/wp\/v2\/pages"}],"about":[{"href":"https:\/\/praiadoforteapart.com\/index.php\/wp-json\/wp\/v2\/types\/page"}],"author":[{"embeddable":true,"href":"https:\/\/praiadoforteapart.com\/index.php\/wp-json\/wp\/v2\/users\/2"}],"replies":[{"embeddable":true,"href":"https:\/\/praiadoforteapart.com\/index.php\/wp-json\/wp\/v2\/comments?post=552"}],"version-history":[{"count":0,"href":"https:\/\/praiadoforteapart.com\/index.php\/wp-json\/wp\/v2\/pages\/552\/revisions"}],"wp:attachment":[{"href":"https:\/\/praiadoforteapart.com\/index.php\/wp-json\/wp\/v2\/media?parent=552"}],"curies":[{"name":"wp","href":"https:\/\/api.w.org\/{rel}","templated":true}]}}